{"id":16836,"date":"2024-06-21T11:10:37","date_gmt":"2024-06-21T09:10:37","guid":{"rendered":"https:\/\/www.middeldorpbouwmachines.nl\/a-propos-de-nous\/"},"modified":"2025-02-20T10:22:49","modified_gmt":"2025-02-20T08:22:49","slug":"a-propos-de-nous","status":"publish","type":"page","link":"https:\/\/www.middeldorpbouwmachines.nl\/fr\/a-propos-de-nous\/","title":{"rendered":"A propos de nous"},"content":{"rendered":"<div class=\"wpb-content-wrapper\"><p>[vc_row full_width=\u00a0\u00bbstretch_row\u00a0\u00bb css=\u00a0\u00bb.vc_custom_1719575365555{padding-top: 75px !important;padding-bottom: 185px !important;background-color: #f3f3f3 !important;}\u00a0\u00bb el_class=\u00a0\u00bbabout-middeldorp\u00a0\u00bb][vc_column][vc_row_inner][vc_column_inner width=\u00a0\u00bb7\/12&Prime;][vc_column_text css=\u00a0\u00bb\u00a0\u00bb]<\/p>\n<h3>\u00c0 propos de Middeldorp Bouwmachines B.V.<\/h3>\n<p>En tant que fournisseur mondial d&rsquo;\u00e9quipements d&rsquo;occasion, nous proposons les meilleures machines, quelle que soit leur marque, \u00e0 des prix raisonnables. Sur le site web, notre stock est mis \u00e0 jour tous les jours. Toutes les machines peuvent \u00eatre inspect\u00e9es dans notre cour \u00e0 Heeten, aux Pays-Bas. Si vous recherchez un type d&rsquo;\u00e9quipement sp\u00e9cifique, n&rsquo;h\u00e9sitez pas \u00e0 nous le faire savoir afin que nous puissions vous informer lorsque nous recevrons la machine de votre choix. Middeldorp : \u00ab Faire des affaires en toute confiance ![\/vc_column_text][\/vc_column_inner][vc_column_inner el_class=\u00a0\u00bboffset-md-2&Prime; width=\u00a0\u00bb3\/12&Prime;][vc_column_text css=\u00a0\u00bb\u00a0\u00bb]<\/p>\n<ul class=\"about-ul\">\n<li><span class=\"about-icon\"><img decoding=\"async\" src=\"\/wp-content\/uploads\/Icon_Personal-contact.svg\" alt=\"\" \/><\/span> Contact personnel<strong>Bonne communication personnelle<\/strong><\/li>\n<li><span class=\"about-icon\"><img decoding=\"async\" src=\"\/wp-content\/uploads\/Icon_Quick-respons.svg\" alt=\"\" \/><\/span> R\u00e9ponse rapide <strong>Nous r\u00e9pondons en 2 heures, pas en 2 jours ! <\/strong><\/li>\n<li><span class=\"about-icon\"><img decoding=\"async\" src=\"\/wp-content\/uploads\/Icon_Transparent.svg\" alt=\"\" \/><\/span> Transparent <strong>Vous savez \u00e0 quoi vous attendre <\/strong><\/li>\n<\/ul>\n<p>[\/vc_column_text][\/vc_column_inner][\/vc_row_inner][\/vc_column][\/vc_row][vc_row full_width=\u00a0\u00bbstretch_row\u00a0\u00bb][vc_column]<div class=\"vc-logos-slider\"><div class=\"vc_logos_slider_inner\"><div id=\"splide_logos\" class=\"splide splide_logos\">\n\t<div class=\"splide__track\">\n\t\t<ul class=\"splide__list\">\n\t\t\t\t\t\t\t<li class=\"splide__slide\">\n\t\t\t\t\t<div class=\"slide_logo\">\n\t\t\t\t\t\t\t\t\t\t\t\t\t<a href=\"\">\n\t\t\t\t\t\t\t<img loading=\"lazy\" decoding=\"async\" width=\"206\" height=\"48\" src=\"https:\/\/www.middeldorpbouwmachines.nl\/wp-content\/uploads\/Logo_slider_fuchs.png\" class=\"attachment-logo size-logo wp-post-image\" alt=\"\" \/>\t\t\t\t\t\t\t<\/a>\n\t\t\t\t\t\t\t\t\t\t\t<\/div>\n\t\t\t\t<\/li>\n\t\t\t \t\t\t\t<li class=\"splide__slide\">\n\t\t\t\t\t<div class=\"slide_logo\">\n\t\t\t\t\t\t\t\t\t\t\t\t\t<a href=\"\">\n\t\t\t\t\t\t\t<img loading=\"lazy\" decoding=\"async\" width=\"132\" height=\"74\" src=\"https:\/\/www.middeldorpbouwmachines.nl\/wp-content\/uploads\/Logo_slider_cat.png\" class=\"attachment-logo size-logo wp-post-image\" alt=\"\" \/>\t\t\t\t\t\t\t<\/a>\n\t\t\t\t\t\t\t\t\t\t\t<\/div>\n\t\t\t\t<\/li>\n\t\t\t \t\t\t\t<li class=\"splide__slide\">\n\t\t\t\t\t<div class=\"slide_logo\">\n\t\t\t\t\t\t\t\t\t\t\t\t\t<a href=\"\">\n\t\t\t\t\t\t\t<img loading=\"lazy\" decoding=\"async\" width=\"247\" height=\"137\" src=\"https:\/\/www.middeldorpbouwmachines.nl\/wp-content\/uploads\/Logo_slider_sennebogen.png\" class=\"attachment-logo size-logo wp-post-image\" alt=\"\" \/>\t\t\t\t\t\t\t<\/a>\n\t\t\t\t\t\t\t\t\t\t\t<\/div>\n\t\t\t\t<\/li>\n\t\t\t \t\t\t\t<li class=\"splide__slide\">\n\t\t\t\t\t<div class=\"slide_logo\">\n\t\t\t\t\t\t\t\t\t\t\t\t\t<a href=\"\">\n\t\t\t\t\t\t\t<img loading=\"lazy\" decoding=\"async\" width=\"219\" height=\"30\" src=\"https:\/\/www.middeldorpbouwmachines.nl\/wp-content\/uploads\/Logo_Slider_liebherr.png\" class=\"attachment-logo size-logo wp-post-image\" alt=\"\" \/>\t\t\t\t\t\t\t<\/a>\n\t\t\t\t\t\t\t\t\t\t\t<\/div>\n\t\t\t\t<\/li>\n\t\t\t \t\t\t\t<li class=\"splide__slide\">\n\t\t\t\t\t<div class=\"slide_logo\">\n\t\t\t\t\t\t\t\t\t\t\t\t\t<a href=\"\">\n\t\t\t\t\t\t\t<img loading=\"lazy\" decoding=\"async\" width=\"210\" height=\"118\" src=\"https:\/\/www.middeldorpbouwmachines.nl\/wp-content\/uploads\/Logo_slider_hitachi.png\" class=\"attachment-logo size-logo wp-post-image\" alt=\"\" \/>\t\t\t\t\t\t\t<\/a>\n\t\t\t\t\t\t\t\t\t\t\t<\/div>\n\t\t\t\t<\/li>\n\t\t\t \t\t\t\t<li class=\"splide__slide\">\n\t\t\t\t\t<div class=\"slide_logo\">\n\t\t\t\t\t\t\t\t\t\t\t\t\t<a href=\"\">\n\t\t\t\t\t\t\t<img loading=\"lazy\" decoding=\"async\" width=\"166\" height=\"51\" src=\"https:\/\/www.middeldorpbouwmachines.nl\/wp-content\/uploads\/Logo_slider_atlas.png\" class=\"attachment-logo size-logo wp-post-image\" alt=\"\" \/>\t\t\t\t\t\t\t<\/a>\n\t\t\t\t\t\t\t\t\t\t\t<\/div>\n\t\t\t\t<\/li>\n\t\t\t \t\t<\/ul>\n\t<\/div>\n<\/div>\n<script type=\"text\/javascript\" charset=\"utf-8\">\ndocument.addEventListener(\"DOMContentLoaded\", function(event) {\n\n    var elms = document.getElementsByClassName('splide_logos');\n\n\tfor ( var i = 0; i < elms.length; i++ ) {\n\t  new Splide( elms[ i ], {\n\t\t\ttype: 'loop',\n\t\t\tautoplay: true,\n\t\t\tarrows: false,\n\t\t\tperPage: 6,\n\t\t\tperMove: 1,\n\t\t\tpagination: false,\n\t\t\tgap: 55,\n\t\t\tpadding:0,\n\t\t\tbreakpoints: {\n\t\t\t\t1199: {\n\t\t\t\t\tperPage: 5\n\t\t\t\t},\n\t\t\t\t992: {\n\t\t\t\t\tperPage: 4\n\t\t\t\t},\n\t\t\t\t768: {\n\t\t\t\t\tperPage: 3\n\t\t\t\t},\n\t\t\t\t480: {\n\t\t\t\t\tperPage: 2\n\t\t\t\t},\n\t\t\t\t400: {\n\t\t\t\t\tperPage: 2\n\t\t\t\t}\n\t\t\t}\n\t\t  }).mount();\n\t}\n\n});\n<\/script>\n<\/div><\/div>[\/vc_column][\/vc_row][vc_row full_width=\u00a0\u00bbstretch_row\u00a0\u00bb css=\u00a0\u00bb.vc_custom_1719575061026{padding-top: 100px !important;padding-bottom: 100px !important;}\u00a0\u00bb][vc_column][vc_row_inner][vc_column_inner width=\u00a0\u00bb1\/2&Prime;][vc_single_image image=\u00a0\u00bb19688&Prime; img_size=\u00a0\u00bbfull\u00a0\u00bb css=\u00a0\u00bb\u00a0\u00bb][\/vc_column_inner][vc_column_inner width=\u00a0\u00bb1\/2&Prime;][vc_column_text css=\u00a0\u00bb\u00a0\u00bb]<\/p>\n<h3>Pourquoi nous choisir<\/h3>\n<p>Nous proposons une large gamme de machines de construction d&rsquo;occasion de haute qualit\u00e9 \u00e0 des prix comp\u00e9titifs. Gr\u00e2ce \u00e0 notre stock mis \u00e0 jour quotidiennement, vous trouverez la machine qui correspond \u00e0 vos besoins. Toutes les machines peuvent \u00eatre inspect\u00e9es en personne sur notre site de Heeten, aux Pays-Bas. Si vous recherchez quelque chose de sp\u00e9cifique, faites-le nous savoir et nous vous pr\u00e9viendrons d\u00e8s que la machine sera disponible. Chez Middeldorp Bouwmachines, nous travaillons avec certitude et fiabilit\u00e9.[\/vc_column_text][vc_btn title=\u00a0\u00bbCONTACT\u00a0\u00bb style=\u00a0\u00bbbtn-primary\u00a0\u00bb css=\u00a0\u00bb\u00a0\u00bb link=\u00a0\u00bburl:%2Ffr%2Fcontact%2F\u00a0\u00bb][\/vc_column_inner][\/vc_row_inner][\/vc_column][\/vc_row]<\/p>\n<\/div>","protected":false},"excerpt":{"rendered":"<p>[vc_row full_width=\u00a0\u00bbstretch_row\u00a0\u00bb css=\u00a0\u00bb.vc_custom_1719575365555{padding-top: 75px !important;padding-bottom: 185px !important;background-color: #f3f3f3 !important;}\u00a0\u00bb el_class=\u00a0\u00bbabout-middeldorp\u00a0\u00bb][vc_column][vc_row_inner][vc_column_inner width=\u00a0\u00bb7\/12&Prime;][vc_column_text css=\u00a0\u00bb\u00a0\u00bb] \u00c0 propos de Middeldorp Bouwmachines B.V. En tant&#8230;<\/p>\n","protected":false},"author":1,"featured_media":8480,"parent":0,"menu_order":0,"comment_status":"closed","ping_status":"closed","template":"","meta":{"footnotes":""},"class_list":["post-16836","page","type-page","status-publish","has-post-thumbnail","hentry"],"_links":{"self":[{"href":"https:\/\/www.middeldorpbouwmachines.nl\/fr\/wp-json\/wp\/v2\/pages\/16836","targetHints":{"allow":["GET"]}}],"collection":[{"href":"https:\/\/www.middeldorpbouwmachines.nl\/fr\/wp-json\/wp\/v2\/pages"}],"about":[{"href":"https:\/\/www.middeldorpbouwmachines.nl\/fr\/wp-json\/wp\/v2\/types\/page"}],"author":[{"embeddable":true,"href":"https:\/\/www.middeldorpbouwmachines.nl\/fr\/wp-json\/wp\/v2\/users\/1"}],"replies":[{"embeddable":true,"href":"https:\/\/www.middeldorpbouwmachines.nl\/fr\/wp-json\/wp\/v2\/comments?post=16836"}],"version-history":[{"count":9,"href":"https:\/\/www.middeldorpbouwmachines.nl\/fr\/wp-json\/wp\/v2\/pages\/16836\/revisions"}],"predecessor-version":[{"id":19691,"href":"https:\/\/www.middeldorpbouwmachines.nl\/fr\/wp-json\/wp\/v2\/pages\/16836\/revisions\/19691"}],"wp:featuredmedia":[{"embeddable":true,"href":"https:\/\/www.middeldorpbouwmachines.nl\/fr\/wp-json\/wp\/v2\/media\/8480"}],"wp:attachment":[{"href":"https:\/\/www.middeldorpbouwmachines.nl\/fr\/wp-json\/wp\/v2\/media?parent=16836"}],"curies":[{"name":"wp","href":"https:\/\/api.w.org\/{rel}","templated":true}]}}